{"id":1006,"date":"2026-01-23T12:57:35","date_gmt":"2026-01-23T11:57:35","guid":{"rendered":"https:\/\/www.wildness.fr\/val-doise\/?page_id=1006"},"modified":"2026-01-23T12:57:37","modified_gmt":"2026-01-23T11:57:37","slug":"politique-de-confidentialite","status":"publish","type":"page","link":"https:\/\/www.wildness.fr\/val-doise\/politique-de-confidentialite\/","title":{"rendered":"Politique de confidentialit\u00e9"},"content":{"rendered":"\n<p><br>Wildness Val d\u2019Oise s\u2019engage \u00e0 prot\u00e9ger les donn\u00e9es personnelles des utilisateurs. Aucune donn\u00e9e collect\u00e9e via nos services n\u2019est revendue ou utilis\u00e9e \u00e0 des fins commerciales non autoris\u00e9es.<\/p>\n\n\n\n<p><br>Nous nous engageons \u00e0 respecter les obligations l\u00e9gales en vigueur (RGPD, CNIL, etc.).<\/p>\n\n\n\n<p><br>Pour toute question ou demande li\u00e9e \u00e0 la confidentialit\u00e9, vous pouvez nous contacter \u00e0 l\u2019adresse : valdoise@wildness.fr.<\/p>\n","protected":false},"excerpt":{"rendered":"<p>Wildness Val d\u2019Oise s\u2019engage \u00e0 prot\u00e9ger les donn\u00e9es personnelles des utilisateurs. Aucune donn\u00e9e collect\u00e9e via nos services n\u2019est revendue ou utilis\u00e9e \u00e0 des fins commerciales non autoris\u00e9es. Nous nous engageons \u00e0 respecter les obligations l\u00e9gales en vigueur (RGPD, CNIL, etc.). Pour toute question ou demande li\u00e9e \u00e0 la confidentialit\u00e9, vous pouvez nous contacter \u00e0 l\u2019adresse [&hellip;]<\/p>\n","protected":false},"author":1,"featured_media":0,"parent":0,"menu_order":0,"comment_status":"closed","ping_status":"closed","template":"","meta":{"footnotes":""},"class_list":["post-1006","page","type-page","status-publish","hentry"],"yoast_head":"<!-- This site is optimized with the Yoast SEO plugin v26.5 - https:\/\/yoast.com\/wordpress\/plugins\/seo\/ -->\n<title>Politique de confidentialit\u00e9 - Wildness Val d&#039;Oise - Lancer de haches, Shuffleboard, Fl\u00e9chettes<\/title>\n<meta name=\"robots\" content=\"index, follow, max-snippet:-1, max-image-preview:large, max-video-preview:-1\" \/>\n<link rel=\"canonical\" href=\"https:\/\/www.wildness.fr\/val-doise\/politique-de-confidentialite\/\" \/>\n<meta property=\"og:locale\" content=\"fr_FR\" \/>\n<meta property=\"og:type\" content=\"article\" \/>\n<meta property=\"og:title\" content=\"Politique de confidentialit\u00e9 - Wildness Val d&#039;Oise - Lancer de haches, Shuffleboard, Fl\u00e9chettes\" \/>\n<meta property=\"og:description\" content=\"Wildness Val d\u2019Oise s\u2019engage \u00e0 prot\u00e9ger les donn\u00e9es personnelles des utilisateurs. Aucune donn\u00e9e collect\u00e9e via nos services n\u2019est revendue ou utilis\u00e9e \u00e0 des fins commerciales non autoris\u00e9es. Nous nous engageons \u00e0 respecter les obligations l\u00e9gales en vigueur (RGPD, CNIL, etc.). Pour toute question ou demande li\u00e9e \u00e0 la confidentialit\u00e9, vous pouvez nous contacter \u00e0 l\u2019adresse [&hellip;]\" \/>\n<meta property=\"og:url\" content=\"https:\/\/www.wildness.fr\/val-doise\/politique-de-confidentialite\/\" \/>\n<meta property=\"og:site_name\" content=\"Wildness Val d&#039;Oise - Lancer de haches, Shuffleboard, Fl\u00e9chettes\" \/>\n<meta property=\"article:publisher\" content=\"https:\/\/www.facebook.com\/people\/Wildness-Val-dOise\/61581529630617\/\" \/>\n<meta property=\"article:modified_time\" content=\"2026-01-23T11:57:37+00:00\" \/>\n<meta property=\"og:image\" content=\"https:\/\/www.wildness.fr\/val-doise\/wp-content\/uploads\/sites\/7\/2025\/05\/cropped-logo_noir_new-scaled-1.png\" \/>\n\t<meta property=\"og:image:width\" content=\"512\" \/>\n\t<meta property=\"og:image:height\" content=\"512\" \/>\n\t<meta property=\"og:image:type\" content=\"image\/png\" \/>\n<meta name=\"twitter:card\" content=\"summary_large_image\" \/>\n<meta name=\"twitter:label1\" content=\"Dur\u00e9e de lecture estim\u00e9e\" \/>\n\t<meta name=\"twitter:data1\" content=\"1 minute\" \/>\n<script type=\"application\/ld+json\" class=\"yoast-schema-graph\">{\"@context\":\"https:\/\/schema.org\",\"@graph\":[{\"@type\":\"WebPage\",\"@id\":\"https:\/\/www.wildness.fr\/val-doise\/politique-de-confidentialite\/\",\"url\":\"https:\/\/www.wildness.fr\/val-doise\/politique-de-confidentialite\/\",\"name\":\"Politique de confidentialit\u00e9 - Wildness Val d&#039;Oise - Lancer de haches, Shuffleboard, Fl\u00e9chettes\",\"isPartOf\":{\"@id\":\"https:\/\/www.wildness.fr\/val-doise\/#website\"},\"datePublished\":\"2026-01-23T11:57:35+00:00\",\"dateModified\":\"2026-01-23T11:57:37+00:00\",\"breadcrumb\":{\"@id\":\"https:\/\/www.wildness.fr\/val-doise\/politique-de-confidentialite\/#breadcrumb\"},\"inLanguage\":\"fr-FR\",\"potentialAction\":[{\"@type\":\"ReadAction\",\"target\":[\"https:\/\/www.wildness.fr\/val-doise\/politique-de-confidentialite\/\"]}]},{\"@type\":\"BreadcrumbList\",\"@id\":\"https:\/\/www.wildness.fr\/val-doise\/politique-de-confidentialite\/#breadcrumb\",\"itemListElement\":[{\"@type\":\"ListItem\",\"position\":1,\"name\":\"Accueil\",\"item\":\"https:\/\/www.wildness.fr\/val-doise\/\"},{\"@type\":\"ListItem\",\"position\":2,\"name\":\"Politique de confidentialit\u00e9\"}]},{\"@type\":\"WebSite\",\"@id\":\"https:\/\/www.wildness.fr\/val-doise\/#website\",\"url\":\"https:\/\/www.wildness.fr\/val-doise\/\",\"name\":\"Wildness Val d'Oise - Bar multi-activit\u00e9s 95\",\"description\":\"Lancer de haches, shuffleboard, fl\u00e9chettes et bar\/snack \u00e0 L&#039;Isle-Adam - Val d&#039;Oise\",\"publisher\":{\"@id\":\"https:\/\/www.wildness.fr\/val-doise\/#organization\"},\"alternateName\":\"Wildness Val d'Oise\",\"potentialAction\":[{\"@type\":\"SearchAction\",\"target\":{\"@type\":\"EntryPoint\",\"urlTemplate\":\"https:\/\/www.wildness.fr\/val-doise\/?s={search_term_string}\"},\"query-input\":{\"@type\":\"PropertyValueSpecification\",\"valueRequired\":true,\"valueName\":\"search_term_string\"}}],\"inLanguage\":\"fr-FR\"},{\"@type\":\"Organization\",\"@id\":\"https:\/\/www.wildness.fr\/val-doise\/#organization\",\"name\":\"Wildness Val d'Oise\",\"alternateName\":\"Wildness\",\"url\":\"https:\/\/www.wildness.fr\/val-doise\/\",\"logo\":{\"@type\":\"ImageObject\",\"inLanguage\":\"fr-FR\",\"@id\":\"https:\/\/www.wildness.fr\/val-doise\/#\/schema\/logo\/image\/\",\"url\":\"https:\/\/www.wildness.fr\/val-doise\/wp-content\/uploads\/sites\/7\/2025\/05\/Logo-.png\",\"contentUrl\":\"https:\/\/www.wildness.fr\/val-doise\/wp-content\/uploads\/sites\/7\/2025\/05\/Logo-.png\",\"width\":750,\"height\":750,\"caption\":\"Wildness Val d'Oise\"},\"image\":{\"@id\":\"https:\/\/www.wildness.fr\/val-doise\/#\/schema\/logo\/image\/\"},\"sameAs\":[\"https:\/\/www.facebook.com\/people\/Wildness-Val-dOise\/61581529630617\/\",\"https:\/\/www.instagram.com\/wildnessvaldoise\/\"]}]}<\/script>\n<!-- \/ Yoast SEO plugin. -->","yoast_head_json":{"title":"Politique de confidentialit\u00e9 - Wildness Val d&#039;Oise - Lancer de haches, Shuffleboard, Fl\u00e9chettes","robots":{"index":"index","follow":"follow","max-snippet":"max-snippet:-1","max-image-preview":"max-image-preview:large","max-video-preview":"max-video-preview:-1"},"canonical":"https:\/\/www.wildness.fr\/val-doise\/politique-de-confidentialite\/","og_locale":"fr_FR","og_type":"article","og_title":"Politique de confidentialit\u00e9 - Wildness Val d&#039;Oise - Lancer de haches, Shuffleboard, Fl\u00e9chettes","og_description":"Wildness Val d\u2019Oise s\u2019engage \u00e0 prot\u00e9ger les donn\u00e9es personnelles des utilisateurs. Aucune donn\u00e9e collect\u00e9e via nos services n\u2019est revendue ou utilis\u00e9e \u00e0 des fins commerciales non autoris\u00e9es. Nous nous engageons \u00e0 respecter les obligations l\u00e9gales en vigueur (RGPD, CNIL, etc.). Pour toute question ou demande li\u00e9e \u00e0 la confidentialit\u00e9, vous pouvez nous contacter \u00e0 l\u2019adresse [&hellip;]","og_url":"https:\/\/www.wildness.fr\/val-doise\/politique-de-confidentialite\/","og_site_name":"Wildness Val d&#039;Oise - Lancer de haches, Shuffleboard, Fl\u00e9chettes","article_publisher":"https:\/\/www.facebook.com\/people\/Wildness-Val-dOise\/61581529630617\/","article_modified_time":"2026-01-23T11:57:37+00:00","og_image":[{"width":512,"height":512,"url":"https:\/\/www.wildness.fr\/val-doise\/wp-content\/uploads\/sites\/7\/2025\/05\/cropped-logo_noir_new-scaled-1.png","type":"image\/png"}],"twitter_card":"summary_large_image","twitter_misc":{"Dur\u00e9e de lecture estim\u00e9e":"1 minute"},"schema":{"@context":"https:\/\/schema.org","@graph":[{"@type":"WebPage","@id":"https:\/\/www.wildness.fr\/val-doise\/politique-de-confidentialite\/","url":"https:\/\/www.wildness.fr\/val-doise\/politique-de-confidentialite\/","name":"Politique de confidentialit\u00e9 - Wildness Val d&#039;Oise - Lancer de haches, Shuffleboard, Fl\u00e9chettes","isPartOf":{"@id":"https:\/\/www.wildness.fr\/val-doise\/#website"},"datePublished":"2026-01-23T11:57:35+00:00","dateModified":"2026-01-23T11:57:37+00:00","breadcrumb":{"@id":"https:\/\/www.wildness.fr\/val-doise\/politique-de-confidentialite\/#breadcrumb"},"inLanguage":"fr-FR","potentialAction":[{"@type":"ReadAction","target":["https:\/\/www.wildness.fr\/val-doise\/politique-de-confidentialite\/"]}]},{"@type":"BreadcrumbList","@id":"https:\/\/www.wildness.fr\/val-doise\/politique-de-confidentialite\/#breadcrumb","itemListElement":[{"@type":"ListItem","position":1,"name":"Accueil","item":"https:\/\/www.wildness.fr\/val-doise\/"},{"@type":"ListItem","position":2,"name":"Politique de confidentialit\u00e9"}]},{"@type":"WebSite","@id":"https:\/\/www.wildness.fr\/val-doise\/#website","url":"https:\/\/www.wildness.fr\/val-doise\/","name":"Wildness Val d'Oise - Bar multi-activit\u00e9s 95","description":"Lancer de haches, shuffleboard, fl\u00e9chettes et bar\/snack \u00e0 L&#039;Isle-Adam - Val d&#039;Oise","publisher":{"@id":"https:\/\/www.wildness.fr\/val-doise\/#organization"},"alternateName":"Wildness Val d'Oise","potentialAction":[{"@type":"SearchAction","target":{"@type":"EntryPoint","urlTemplate":"https:\/\/www.wildness.fr\/val-doise\/?s={search_term_string}"},"query-input":{"@type":"PropertyValueSpecification","valueRequired":true,"valueName":"search_term_string"}}],"inLanguage":"fr-FR"},{"@type":"Organization","@id":"https:\/\/www.wildness.fr\/val-doise\/#organization","name":"Wildness Val d'Oise","alternateName":"Wildness","url":"https:\/\/www.wildness.fr\/val-doise\/","logo":{"@type":"ImageObject","inLanguage":"fr-FR","@id":"https:\/\/www.wildness.fr\/val-doise\/#\/schema\/logo\/image\/","url":"https:\/\/www.wildness.fr\/val-doise\/wp-content\/uploads\/sites\/7\/2025\/05\/Logo-.png","contentUrl":"https:\/\/www.wildness.fr\/val-doise\/wp-content\/uploads\/sites\/7\/2025\/05\/Logo-.png","width":750,"height":750,"caption":"Wildness Val d'Oise"},"image":{"@id":"https:\/\/www.wildness.fr\/val-doise\/#\/schema\/logo\/image\/"},"sameAs":["https:\/\/www.facebook.com\/people\/Wildness-Val-dOise\/61581529630617\/","https:\/\/www.instagram.com\/wildnessvaldoise\/"]}]}},"_links":{"self":[{"href":"https:\/\/www.wildness.fr\/val-doise\/wp-json\/wp\/v2\/pages\/1006","targetHints":{"allow":["GET"]}}],"collection":[{"href":"https:\/\/www.wildness.fr\/val-doise\/wp-json\/wp\/v2\/pages"}],"about":[{"href":"https:\/\/www.wildness.fr\/val-doise\/wp-json\/wp\/v2\/types\/page"}],"author":[{"embeddable":true,"href":"https:\/\/www.wildness.fr\/val-doise\/wp-json\/wp\/v2\/users\/1"}],"replies":[{"embeddable":true,"href":"https:\/\/www.wildness.fr\/val-doise\/wp-json\/wp\/v2\/comments?post=1006"}],"version-history":[{"count":1,"href":"https:\/\/www.wildness.fr\/val-doise\/wp-json\/wp\/v2\/pages\/1006\/revisions"}],"predecessor-version":[{"id":1007,"href":"https:\/\/www.wildness.fr\/val-doise\/wp-json\/wp\/v2\/pages\/1006\/revisions\/1007"}],"wp:attachment":[{"href":"https:\/\/www.wildness.fr\/val-doise\/wp-json\/wp\/v2\/media?parent=1006"}],"curies":[{"name":"wp","href":"https:\/\/api.w.org\/{rel}","templated":true}]}}