{"id":52,"date":"2025-05-05T16:44:22","date_gmt":"2025-05-05T14:44:22","guid":{"rendered":"https:\/\/www.wildness.fr\/val-doise\/?page_id=52"},"modified":"2025-12-12T17:04:54","modified_gmt":"2025-12-12T16:04:54","slug":"reserver","status":"publish","type":"page","link":"https:\/\/www.wildness.fr\/val-doise\/reserver\/","title":{"rendered":"R\u00e9server"},"content":{"rendered":"\n<div class=\"wp-block-group has-global-padding is-layout-constrained wp-block-group-is-layout-constrained\" style=\"padding-top:var(--wp--preset--spacing--20);padding-bottom:var(--wp--preset--spacing--20)\">\n<h2 class=\"wp-block-heading has-text-align-center\">R\u00e9server \u00e0 L&rsquo;Isle Adam (95)<\/h2>\n\n\n\n<div class=\"wp-block-group has-global-padding is-layout-constrained wp-block-group-is-layout-constrained\" style=\"padding-top:var(--wp--preset--spacing--20);padding-bottom:var(--wp--preset--spacing--20)\">\n<div class=\"forescape-catalog\" data-widget-id=\"0016b859-8457-473a-994a-aa226f0a52c5\" data-settings=\"b64.eyJkb21haW4iOiJ3aWxkbmVzcy12YWxkb2lzZS40ZXNjYXBlLmlvIn0=\"><\/div>\n<div class=\"forescape-cart\" data-settings=\"b64.eyJkb21haW4iOiJ3aWxkbmVzcy12YWxkb2lzZS40ZXNjYXBlLmlvIn0=\"><\/div>\n\n<style>\n.forescape button.f-btn-primary, :is(.forescape [type=button].f-btn-primary) {\n    border-color: #d5251f!important;\n    background-color: #d5251f!important;\n    color: #FFF!important;\n}\n\n.forescape .f-datepicker-btn {\n    border-color: #d5251f!important;\n    background-color: #d5251f!important;\n    color: var(--f-datepicker-button-text-color);\n}\n<\/style>\n<\/div>\n<\/div>\n\n\n\n<div class=\"wp-block-group has-base-2-background-color has-background has-global-padding is-layout-constrained wp-block-group-is-layout-constrained\" style=\"padding-top:var(--wp--preset--spacing--20);padding-bottom:var(--wp--preset--spacing--20)\">\n<div class=\"wp-block-group alignfull has-global-padding is-layout-constrained wp-container-core-group-is-layout-edc2874e wp-block-group-is-layout-constrained\" style=\"margin-top:0;margin-bottom:0;padding-top:var(--wp--preset--spacing--20);padding-right:var(--wp--preset--spacing--50);padding-bottom:var(--wp--preset--spacing--20);padding-left:var(--wp--preset--spacing--50)\">\n<div class=\"wp-block-group is-vertical is-content-justification-center is-layout-flex wp-container-core-group-is-layout-ce155fab wp-block-group-is-layout-flex\">\n<h2 class=\"wp-block-heading has-text-align-center\">Nos tarifs<\/h2>\n\n\n\n<p class=\"has-text-align-center has-contrast-3-color has-text-color has-link-color wp-elements-5ced7d68bfd9606921aa831c0e15e4e0\" style=\"text-transform:uppercase\"><strong>Ils sont sp\u00e9cialement pens\u00e9s pour vous, pour convenir \u00e0 tout le monde !<\/strong><\/p>\n<\/div>\n\n\n\n<div style=\"height:var(--wp--preset--spacing--30)\" aria-hidden=\"true\" class=\"wp-block-spacer\"><\/div>\n\n\n\n<figure class=\"wp-block-table is-style-stripes\"><table class=\"has-fixed-layout\"><thead><tr><th class=\"has-text-align-center\" data-align=\"center\">Activit\u00e9<\/th><th class=\"has-text-align-center\" data-align=\"center\">Tarifs<\/th><\/tr><\/thead><tbody><tr><td class=\"has-text-align-center\" data-align=\"center\"><strong>Lancer de haches<\/strong><br><em>Tarifs \u00e0 la piste<\/em> &#8211; 1 \u00e0 4 personnes<\/td><td class=\"has-text-align-center\" data-align=\"center\">2 personnes : <mark style=\"background-color:rgba(0, 0, 0, 0)\" class=\"has-inline-color has-contrast-3-color\"><strong>40 \u20ac<\/strong><\/mark> <em>(20\u20ac\/pers.)<\/em><br>3 personnes : <strong><mark style=\"background-color:rgba(0, 0, 0, 0)\" class=\"has-inline-color has-contrast-3-color\">54 \u20ac<\/mark><\/strong> <em>(18\u20ac\/pers.)<\/em><br>4 personnes : <strong><mark style=\"background-color:rgba(0, 0, 0, 0)\" class=\"has-inline-color has-contrast-3-color\">64 \u20ac<\/mark><\/strong> <em>(16\u20ac\/pers.)<\/em><\/td><\/tr><tr><td class=\"has-text-align-center\" data-align=\"center\"><strong>Fl\u00e9chettes<\/strong><br><em>Tarifs \u00e0 la cible<\/em> &#8211; 2 \u00e0 4 personnes<\/td><td class=\"has-text-align-center\" data-align=\"center\"><strong><mark style=\"background-color:rgba(0, 0, 0, 0)\" class=\"has-inline-color has-contrast-3-color\">20 \u20ac<\/mark><\/strong> \/ cible (1 heure)<\/td><\/tr><tr><td class=\"has-text-align-center\" data-align=\"center\"><strong>Shuffleboard<\/strong><br><em>Tarifs \u00e0 la table<\/em> &#8211; 2 \u00e0 8 personnes<\/td><td class=\"has-text-align-center\" data-align=\"center\"><strong><mark style=\"background-color:rgba(0, 0, 0, 0)\" class=\"has-inline-color has-contrast-3-color\">20 \u20ac<\/mark><\/strong> \/ table (2 \u00e0 4 pers.)<br><strong><mark style=\"background-color:rgba(0, 0, 0, 0)\" class=\"has-inline-color has-contrast-3-color\">30 \u20ac<\/mark><\/strong>\u00a0\/ table (5 \u00e0 8 pers.)<\/td><\/tr><\/tbody><\/table><\/figure>\n\n\n\n<div class=\"wp-block-group has-border-color has-contrast-3-border-color has-base-background-color has-background has-global-padding is-layout-constrained wp-container-core-group-is-layout-4a83cbc0 wp-block-group-is-layout-constrained\" style=\"border-width:1px;margin-top:var(--wp--preset--spacing--20);margin-bottom:var(--wp--preset--spacing--20);padding-top:var(--wp--preset--spacing--20);padding-right:var(--wp--preset--spacing--20);padding-bottom:var(--wp--preset--spacing--20);padding-left:var(--wp--preset--spacing--20)\">\n<p>\u26a0\ufe0f <strong>Aide \u00e0 la r\u00e9servation<\/strong> : les prix sont fixes pour chaque activit\u00e9. Ils ne doivent pas \u00eatre calcul\u00e9s en fonction du nombre de personnes, \u00e0 part pour le lancer de haches.<br><em>Ex : si vous \u00eates 3 \u00e0 vouloir faire des fl\u00e9chettes, le tarif sera de 20\u20ac pour la piste (prix fixe)<\/em><\/p>\n<\/div>\n<\/div>\n<\/div>\n\n\n\n<div class=\"wp-block-group has-contrast-background-color has-background has-global-padding is-layout-constrained wp-block-group-is-layout-constrained\" style=\"padding-top:var(--wp--preset--spacing--30);padding-bottom:var(--wp--preset--spacing--30)\">\n<h2 class=\"wp-block-heading has-text-align-center has-base-2-color has-text-color has-link-color wp-elements-ab81fdd6f7428b74f66cd3102dd99dc2\">Changer de ville<\/h2>\n\n\n\n<div class=\"wp-block-group alignfull has-global-padding is-layout-constrained wp-container-core-group-is-layout-4d7b31b8 wp-block-group-is-layout-constrained\" style=\"margin-top:0;margin-bottom:-20px;padding-top:var(--wp--preset--spacing--30);padding-right:0;padding-bottom:var(--wp--preset--spacing--30);padding-left:0\">\n<div class=\"wp-block-columns alignwide is-layout-flex wp-container-core-columns-is-layout-5ca71832 wp-block-columns-is-layout-flex\" style=\"margin-top:0;margin-bottom:0\">\n<div class=\"wp-block-column is-vertically-aligned-stretch is-layout-flow wp-container-core-column-is-layout-b2a27621 wp-block-column-is-layout-flow\" style=\"padding-top:0;padding-right:0;padding-bottom:0;padding-left:0;flex-basis:50%\">\n<div class=\"wp-block-cover\"><img loading=\"lazy\" decoding=\"async\" width=\"1024\" height=\"578\" class=\"wp-block-cover__image-background wp-image-263 size-large\" alt=\"\" src=\"https:\/\/www.wildness.fr\/val-doise\/wp-content\/uploads\/sites\/7\/2025\/05\/hell_3-1024x578.jpg\" data-object-fit=\"cover\" srcset=\"https:\/\/www.wildness.fr\/val-doise\/wp-content\/uploads\/sites\/7\/2025\/05\/hell_3-1024x578.jpg 1024w, https:\/\/www.wildness.fr\/val-doise\/wp-content\/uploads\/sites\/7\/2025\/05\/hell_3-300x169.jpg 300w, https:\/\/www.wildness.fr\/val-doise\/wp-content\/uploads\/sites\/7\/2025\/05\/hell_3-768x433.jpg 768w, https:\/\/www.wildness.fr\/val-doise\/wp-content\/uploads\/sites\/7\/2025\/05\/hell_3-1536x866.jpg 1536w, https:\/\/www.wildness.fr\/val-doise\/wp-content\/uploads\/sites\/7\/2025\/05\/hell_3-2048x1155.jpg 2048w\" sizes=\"auto, (max-width: 1024px) 100vw, 1024px\" \/><span aria-hidden=\"true\" class=\"wp-block-cover__background has-contrast-background-color has-background-dim\"><\/span><div class=\"wp-block-cover__inner-container has-global-padding is-layout-constrained wp-block-cover-is-layout-constrained\">\n<h2 class=\"wp-block-heading has-text-align-center\" style=\"font-size:clamp(37.821px, 2.364rem + ((1vw - 3.2px) * 2.514), 70px);\">PARIS<\/h2>\n\n\n\n<div class=\"wp-block-buttons is-content-justification-center is-layout-flex wp-container-core-buttons-is-layout-a89b3969 wp-block-buttons-is-layout-flex\">\n<div class=\"wp-block-button\"><a class=\"wp-block-button__link has-text-align-center wp-element-button\" href=\"https:\/\/www.wildness.fr\/paris\/\" style=\"padding-top:var(--wp--preset--spacing--10);padding-bottom:var(--wp--preset--spacing--10)\">Choisir PAris<\/a><\/div>\n<\/div>\n<\/div><\/div>\n<\/div>\n\n\n\n<div class=\"wp-block-column is-vertically-aligned-stretch is-layout-flow wp-block-column-is-layout-flow\" style=\"padding-top:0;padding-right:0;padding-bottom:0;padding-left:0;flex-basis:50%\">\n<div class=\"wp-block-cover\"><img loading=\"lazy\" decoding=\"async\" width=\"1024\" height=\"578\" class=\"wp-block-cover__image-background wp-image-240 size-large\" alt=\"\" src=\"https:\/\/www.wildness.fr\/val-doise\/wp-content\/uploads\/sites\/7\/2025\/05\/1Q0A8843-1-1024x578.jpeg\" data-object-fit=\"cover\" srcset=\"https:\/\/www.wildness.fr\/val-doise\/wp-content\/uploads\/sites\/7\/2025\/05\/1Q0A8843-1-1024x578.jpeg 1024w, https:\/\/www.wildness.fr\/val-doise\/wp-content\/uploads\/sites\/7\/2025\/05\/1Q0A8843-1-300x169.jpeg 300w, https:\/\/www.wildness.fr\/val-doise\/wp-content\/uploads\/sites\/7\/2025\/05\/1Q0A8843-1-768x434.jpeg 768w, https:\/\/www.wildness.fr\/val-doise\/wp-content\/uploads\/sites\/7\/2025\/05\/1Q0A8843-1-1536x867.jpeg 1536w, https:\/\/www.wildness.fr\/val-doise\/wp-content\/uploads\/sites\/7\/2025\/05\/1Q0A8843-1-2048x1156.jpeg 2048w\" sizes=\"auto, (max-width: 1024px) 100vw, 1024px\" \/><span aria-hidden=\"true\" class=\"wp-block-cover__background has-contrast-background-color has-background-dim\"><\/span><div class=\"wp-block-cover__inner-container has-global-padding is-layout-constrained wp-container-core-cover-is-layout-19e250f3 wp-block-cover-is-layout-constrained\">\n<h2 class=\"wp-block-heading has-text-align-center\" style=\"font-size:clamp(37.821px, 2.364rem + ((1vw - 3.2px) * 2.514), 70px);\">NANCY<\/h2>\n\n\n\n<div class=\"wp-block-buttons is-content-justification-center is-layout-flex wp-container-core-buttons-is-layout-a89b3969 wp-block-buttons-is-layout-flex\">\n<div class=\"wp-block-button\"><a class=\"wp-block-button__link has-text-align-center wp-element-button\" href=\"https:\/\/www.wildness.fr\/nancy\/\" style=\"padding-top:var(--wp--preset--spacing--10);padding-bottom:var(--wp--preset--spacing--10)\">Choisir NANCY<\/a><\/div>\n<\/div>\n<\/div><\/div>\n<\/div>\n<\/div>\n<\/div>\n<\/div>\n\n\n\n<script>!function(){var e=document.createElement(\"link\");e.href=\"https:\/\/widgets.4escape.app\/main.css\",e.rel=\"stylesheet\",e.crossOrigin=\"anonymous\",document.head.appendChild(e);var t=document.createElement(\"script\");t.defer=!0,t.type=\"module\",t.src=\"https:\/\/widgets.4escape.app\/main.js\",document.body.appendChild(t)}();<\/script>\n","protected":false},"excerpt":{"rendered":"<p>R\u00e9server \u00e0 L&rsquo;Isle Adam (95) Nos tarifs Ils sont sp\u00e9cialement pens\u00e9s pour vous, pour convenir \u00e0 tout le monde ! Activit\u00e9 Tarifs Lancer de hachesTarifs \u00e0 la piste &#8211; 1 \u00e0 4 personnes 2 personnes : 40 \u20ac (20\u20ac\/pers.)3 personnes : 54 \u20ac (18\u20ac\/pers.)4 personnes : 64 \u20ac (16\u20ac\/pers.) Fl\u00e9chettesTarifs \u00e0 la cible &#8211; 2 [&hellip;]<\/p>\n","protected":false},"author":1,"featured_media":0,"parent":0,"menu_order":0,"comment_status":"closed","ping_status":"closed","template":"","meta":{"footnotes":""},"class_list":["post-52","page","type-page","status-publish","hentry"],"yoast_head":"<!-- This site is optimized with the Yoast SEO plugin v26.5 - https:\/\/yoast.com\/wordpress\/plugins\/seo\/ -->\n<title>R\u00e9server - Wildness Val d&#039;Oise - Lancer de haches, Shuffleboard, Fl\u00e9chettes<\/title>\n<meta name=\"robots\" content=\"index, follow, max-snippet:-1, max-image-preview:large, max-video-preview:-1\" \/>\n<link rel=\"canonical\" href=\"https:\/\/www.wildness.fr\/val-doise\/reserver\/\" \/>\n<meta property=\"og:locale\" content=\"fr_FR\" \/>\n<meta property=\"og:type\" content=\"article\" \/>\n<meta property=\"og:title\" content=\"R\u00e9server - Wildness Val d&#039;Oise - Lancer de haches, Shuffleboard, Fl\u00e9chettes\" \/>\n<meta property=\"og:description\" content=\"R\u00e9server \u00e0 L&rsquo;Isle Adam (95) Nos tarifs Ils sont sp\u00e9cialement pens\u00e9s pour vous, pour convenir \u00e0 tout le monde ! Activit\u00e9 Tarifs Lancer de hachesTarifs \u00e0 la piste &#8211; 1 \u00e0 4 personnes 2 personnes : 40 \u20ac (20\u20ac\/pers.)3 personnes : 54 \u20ac (18\u20ac\/pers.)4 personnes : 64 \u20ac (16\u20ac\/pers.) Fl\u00e9chettesTarifs \u00e0 la cible &#8211; 2 [&hellip;]\" \/>\n<meta property=\"og:url\" content=\"https:\/\/www.wildness.fr\/val-doise\/reserver\/\" \/>\n<meta property=\"og:site_name\" content=\"Wildness Val d&#039;Oise - Lancer de haches, Shuffleboard, Fl\u00e9chettes\" \/>\n<meta property=\"article:publisher\" content=\"https:\/\/www.facebook.com\/people\/Wildness-Val-dOise\/61581529630617\/\" \/>\n<meta property=\"article:modified_time\" content=\"2025-12-12T16:04:54+00:00\" \/>\n<meta property=\"og:image\" content=\"https:\/\/www.wildness.fr\/val-doise\/wp-content\/uploads\/sites\/7\/2025\/05\/hell_3.jpg\" \/>\n\t<meta property=\"og:image:width\" content=\"2326\" \/>\n\t<meta property=\"og:image:height\" content=\"1312\" \/>\n\t<meta property=\"og:image:type\" content=\"image\/jpeg\" \/>\n<meta name=\"twitter:card\" content=\"summary_large_image\" \/>\n<meta name=\"twitter:label1\" content=\"Dur\u00e9e de lecture estim\u00e9e\" \/>\n\t<meta name=\"twitter:data1\" content=\"2 minutes\" \/>\n<script type=\"application\/ld+json\" class=\"yoast-schema-graph\">{\"@context\":\"https:\/\/schema.org\",\"@graph\":[{\"@type\":\"WebPage\",\"@id\":\"https:\/\/www.wildness.fr\/val-doise\/reserver\/\",\"url\":\"https:\/\/www.wildness.fr\/val-doise\/reserver\/\",\"name\":\"R\u00e9server - Wildness Val d&#039;Oise - Lancer de haches, Shuffleboard, Fl\u00e9chettes\",\"isPartOf\":{\"@id\":\"https:\/\/www.wildness.fr\/val-doise\/#website\"},\"primaryImageOfPage\":{\"@id\":\"https:\/\/www.wildness.fr\/val-doise\/reserver\/#primaryimage\"},\"image\":{\"@id\":\"https:\/\/www.wildness.fr\/val-doise\/reserver\/#primaryimage\"},\"thumbnailUrl\":\"https:\/\/www.wildness.fr\/val-doise\/wp-content\/uploads\/sites\/7\/2025\/05\/hell_3-1024x578.jpg\",\"datePublished\":\"2025-05-05T14:44:22+00:00\",\"dateModified\":\"2025-12-12T16:04:54+00:00\",\"breadcrumb\":{\"@id\":\"https:\/\/www.wildness.fr\/val-doise\/reserver\/#breadcrumb\"},\"inLanguage\":\"fr-FR\",\"potentialAction\":[{\"@type\":\"ReadAction\",\"target\":[\"https:\/\/www.wildness.fr\/val-doise\/reserver\/\"]}]},{\"@type\":\"ImageObject\",\"inLanguage\":\"fr-FR\",\"@id\":\"https:\/\/www.wildness.fr\/val-doise\/reserver\/#primaryimage\",\"url\":\"https:\/\/www.wildness.fr\/val-doise\/wp-content\/uploads\/sites\/7\/2025\/05\/hell_3.jpg\",\"contentUrl\":\"https:\/\/www.wildness.fr\/val-doise\/wp-content\/uploads\/sites\/7\/2025\/05\/hell_3.jpg\",\"width\":2326,\"height\":1312},{\"@type\":\"BreadcrumbList\",\"@id\":\"https:\/\/www.wildness.fr\/val-doise\/reserver\/#breadcrumb\",\"itemListElement\":[{\"@type\":\"ListItem\",\"position\":1,\"name\":\"Accueil\",\"item\":\"https:\/\/www.wildness.fr\/val-doise\/\"},{\"@type\":\"ListItem\",\"position\":2,\"name\":\"R\u00e9server\"}]},{\"@type\":\"WebSite\",\"@id\":\"https:\/\/www.wildness.fr\/val-doise\/#website\",\"url\":\"https:\/\/www.wildness.fr\/val-doise\/\",\"name\":\"Wildness Val d'Oise - Bar multi-activit\u00e9s 95\",\"description\":\"Lancer de haches, shuffleboard, fl\u00e9chettes et bar\/snack \u00e0 L&#039;Isle-Adam - Val d&#039;Oise\",\"publisher\":{\"@id\":\"https:\/\/www.wildness.fr\/val-doise\/#organization\"},\"alternateName\":\"Wildness Val d'Oise\",\"potentialAction\":[{\"@type\":\"SearchAction\",\"target\":{\"@type\":\"EntryPoint\",\"urlTemplate\":\"https:\/\/www.wildness.fr\/val-doise\/?s={search_term_string}\"},\"query-input\":{\"@type\":\"PropertyValueSpecification\",\"valueRequired\":true,\"valueName\":\"search_term_string\"}}],\"inLanguage\":\"fr-FR\"},{\"@type\":\"Organization\",\"@id\":\"https:\/\/www.wildness.fr\/val-doise\/#organization\",\"name\":\"Wildness Val d'Oise\",\"alternateName\":\"Wildness\",\"url\":\"https:\/\/www.wildness.fr\/val-doise\/\",\"logo\":{\"@type\":\"ImageObject\",\"inLanguage\":\"fr-FR\",\"@id\":\"https:\/\/www.wildness.fr\/val-doise\/#\/schema\/logo\/image\/\",\"url\":\"https:\/\/www.wildness.fr\/val-doise\/wp-content\/uploads\/sites\/7\/2025\/05\/Logo-.png\",\"contentUrl\":\"https:\/\/www.wildness.fr\/val-doise\/wp-content\/uploads\/sites\/7\/2025\/05\/Logo-.png\",\"width\":750,\"height\":750,\"caption\":\"Wildness Val d'Oise\"},\"image\":{\"@id\":\"https:\/\/www.wildness.fr\/val-doise\/#\/schema\/logo\/image\/\"},\"sameAs\":[\"https:\/\/www.facebook.com\/people\/Wildness-Val-dOise\/61581529630617\/\",\"https:\/\/www.instagram.com\/wildnessvaldoise\/\"]}]}<\/script>\n<!-- \/ Yoast SEO plugin. -->","yoast_head_json":{"title":"R\u00e9server - Wildness Val d&#039;Oise - Lancer de haches, Shuffleboard, Fl\u00e9chettes","robots":{"index":"index","follow":"follow","max-snippet":"max-snippet:-1","max-image-preview":"max-image-preview:large","max-video-preview":"max-video-preview:-1"},"canonical":"https:\/\/www.wildness.fr\/val-doise\/reserver\/","og_locale":"fr_FR","og_type":"article","og_title":"R\u00e9server - Wildness Val d&#039;Oise - Lancer de haches, Shuffleboard, Fl\u00e9chettes","og_description":"R\u00e9server \u00e0 L&rsquo;Isle Adam (95) Nos tarifs Ils sont sp\u00e9cialement pens\u00e9s pour vous, pour convenir \u00e0 tout le monde ! Activit\u00e9 Tarifs Lancer de hachesTarifs \u00e0 la piste &#8211; 1 \u00e0 4 personnes 2 personnes : 40 \u20ac (20\u20ac\/pers.)3 personnes : 54 \u20ac (18\u20ac\/pers.)4 personnes : 64 \u20ac (16\u20ac\/pers.) Fl\u00e9chettesTarifs \u00e0 la cible &#8211; 2 [&hellip;]","og_url":"https:\/\/www.wildness.fr\/val-doise\/reserver\/","og_site_name":"Wildness Val d&#039;Oise - Lancer de haches, Shuffleboard, Fl\u00e9chettes","article_publisher":"https:\/\/www.facebook.com\/people\/Wildness-Val-dOise\/61581529630617\/","article_modified_time":"2025-12-12T16:04:54+00:00","og_image":[{"width":2326,"height":1312,"url":"https:\/\/www.wildness.fr\/val-doise\/wp-content\/uploads\/sites\/7\/2025\/05\/hell_3.jpg","type":"image\/jpeg"}],"twitter_card":"summary_large_image","twitter_misc":{"Dur\u00e9e de lecture estim\u00e9e":"2 minutes"},"schema":{"@context":"https:\/\/schema.org","@graph":[{"@type":"WebPage","@id":"https:\/\/www.wildness.fr\/val-doise\/reserver\/","url":"https:\/\/www.wildness.fr\/val-doise\/reserver\/","name":"R\u00e9server - Wildness Val d&#039;Oise - Lancer de haches, Shuffleboard, Fl\u00e9chettes","isPartOf":{"@id":"https:\/\/www.wildness.fr\/val-doise\/#website"},"primaryImageOfPage":{"@id":"https:\/\/www.wildness.fr\/val-doise\/reserver\/#primaryimage"},"image":{"@id":"https:\/\/www.wildness.fr\/val-doise\/reserver\/#primaryimage"},"thumbnailUrl":"https:\/\/www.wildness.fr\/val-doise\/wp-content\/uploads\/sites\/7\/2025\/05\/hell_3-1024x578.jpg","datePublished":"2025-05-05T14:44:22+00:00","dateModified":"2025-12-12T16:04:54+00:00","breadcrumb":{"@id":"https:\/\/www.wildness.fr\/val-doise\/reserver\/#breadcrumb"},"inLanguage":"fr-FR","potentialAction":[{"@type":"ReadAction","target":["https:\/\/www.wildness.fr\/val-doise\/reserver\/"]}]},{"@type":"ImageObject","inLanguage":"fr-FR","@id":"https:\/\/www.wildness.fr\/val-doise\/reserver\/#primaryimage","url":"https:\/\/www.wildness.fr\/val-doise\/wp-content\/uploads\/sites\/7\/2025\/05\/hell_3.jpg","contentUrl":"https:\/\/www.wildness.fr\/val-doise\/wp-content\/uploads\/sites\/7\/2025\/05\/hell_3.jpg","width":2326,"height":1312},{"@type":"BreadcrumbList","@id":"https:\/\/www.wildness.fr\/val-doise\/reserver\/#breadcrumb","itemListElement":[{"@type":"ListItem","position":1,"name":"Accueil","item":"https:\/\/www.wildness.fr\/val-doise\/"},{"@type":"ListItem","position":2,"name":"R\u00e9server"}]},{"@type":"WebSite","@id":"https:\/\/www.wildness.fr\/val-doise\/#website","url":"https:\/\/www.wildness.fr\/val-doise\/","name":"Wildness Val d'Oise - Bar multi-activit\u00e9s 95","description":"Lancer de haches, shuffleboard, fl\u00e9chettes et bar\/snack \u00e0 L&#039;Isle-Adam - Val d&#039;Oise","publisher":{"@id":"https:\/\/www.wildness.fr\/val-doise\/#organization"},"alternateName":"Wildness Val d'Oise","potentialAction":[{"@type":"SearchAction","target":{"@type":"EntryPoint","urlTemplate":"https:\/\/www.wildness.fr\/val-doise\/?s={search_term_string}"},"query-input":{"@type":"PropertyValueSpecification","valueRequired":true,"valueName":"search_term_string"}}],"inLanguage":"fr-FR"},{"@type":"Organization","@id":"https:\/\/www.wildness.fr\/val-doise\/#organization","name":"Wildness Val d'Oise","alternateName":"Wildness","url":"https:\/\/www.wildness.fr\/val-doise\/","logo":{"@type":"ImageObject","inLanguage":"fr-FR","@id":"https:\/\/www.wildness.fr\/val-doise\/#\/schema\/logo\/image\/","url":"https:\/\/www.wildness.fr\/val-doise\/wp-content\/uploads\/sites\/7\/2025\/05\/Logo-.png","contentUrl":"https:\/\/www.wildness.fr\/val-doise\/wp-content\/uploads\/sites\/7\/2025\/05\/Logo-.png","width":750,"height":750,"caption":"Wildness Val d'Oise"},"image":{"@id":"https:\/\/www.wildness.fr\/val-doise\/#\/schema\/logo\/image\/"},"sameAs":["https:\/\/www.facebook.com\/people\/Wildness-Val-dOise\/61581529630617\/","https:\/\/www.instagram.com\/wildnessvaldoise\/"]}]}},"_links":{"self":[{"href":"https:\/\/www.wildness.fr\/val-doise\/wp-json\/wp\/v2\/pages\/52","targetHints":{"allow":["GET"]}}],"collection":[{"href":"https:\/\/www.wildness.fr\/val-doise\/wp-json\/wp\/v2\/pages"}],"about":[{"href":"https:\/\/www.wildness.fr\/val-doise\/wp-json\/wp\/v2\/types\/page"}],"author":[{"embeddable":true,"href":"https:\/\/www.wildness.fr\/val-doise\/wp-json\/wp\/v2\/users\/1"}],"replies":[{"embeddable":true,"href":"https:\/\/www.wildness.fr\/val-doise\/wp-json\/wp\/v2\/comments?post=52"}],"version-history":[{"count":18,"href":"https:\/\/www.wildness.fr\/val-doise\/wp-json\/wp\/v2\/pages\/52\/revisions"}],"predecessor-version":[{"id":988,"href":"https:\/\/www.wildness.fr\/val-doise\/wp-json\/wp\/v2\/pages\/52\/revisions\/988"}],"wp:attachment":[{"href":"https:\/\/www.wildness.fr\/val-doise\/wp-json\/wp\/v2\/media?parent=52"}],"curies":[{"name":"wp","href":"https:\/\/api.w.org\/{rel}","templated":true}]}}